{"id":961,"date":"2020-12-28T18:27:00","date_gmt":"2020-12-28T17:27:00","guid":{"rendered":"http:\/\/192.168.25.75:8885\/mentions-legales\/"},"modified":"2022-09-23T14:26:39","modified_gmt":"2022-09-23T12:26:39","slug":"legal-notice","status":"publish","type":"page","link":"https:\/\/stilz.fr\/en\/legal-notice\/","title":{"rendered":"Legal notice"},"content":{"rendered":"<h2>Editeur<\/h2>\n<p>RESCOLL Production<br \/>\nRue du Bac, 86530 Naintr\u00e9<br \/>\nT\u00e9l\u00e9phone : +33 5 49 20 08 50<br \/>\nEmail : <a href=\"mailto:stilz@rescoll.fr\">stilz@rescoll.fr<\/a><\/p>\n<h2>Directeur de la publication<\/h2>\n<p>Pour toute question concernant la vie du site et la soci\u00e9t\u00e9 :<br \/>\n\u00e9crivez-nous gr\u00e2ce au formulaire de contact.<\/p>\n<h2>Cr\u00e9dits photos<\/h2>\n<p>RESCOLL sauf mentions contraires.<\/p>\n<h2>Droits d\u2019auteur \u2013 copyrights<\/h2>\n<p>L\u2019ensemble de ce site rel\u00e8ve de la l\u00e9gislation fran\u00e7aise et internationale sur le droit d\u2019auteur et la propri\u00e9t\u00e9 intellectuelle. Tous les droits de reproduction sont r\u00e9serv\u00e9s, y compris pour les documents t\u00e9l\u00e9chargeables et les repr\u00e9sentations iconographiques et photographiques. Les visuels d\u2019illustration de ce site sont propri\u00e9t\u00e9 de RESCOLL. Les droits d\u2019utilisation, de reproduction et de diffusion sont strictement r\u00e9serv\u00e9s \u00e0 la communication de RESCOLL. La reproduction de tout ou partie de ce site sur un support \u00e9lectronique quel qu\u2019il soit est formellement interdite sauf autorisation expresse du directeur de la publication. Les marques cit\u00e9es sur ce site sont d\u00e9pos\u00e9es par les soci\u00e9t\u00e9s qui en sont propri\u00e9taires.<\/p>\n","protected":false},"excerpt":{"rendered":"<p>Editeur RESCOLL Production Rue du Bac, 86530 Naintr\u00e9 T\u00e9l\u00e9phone : +33 5 49 20 08 50 Email : stilz@rescoll.fr Directeur de la publication Pour toute question concernant la vie du site et la soci\u00e9t\u00e9 : \u00e9crivez-nous gr\u00e2ce au formulaire de contact. Cr\u00e9dits photos RESCOLL sauf mentions contraires. Droits d\u2019auteur \u2013 copyrights L\u2019ensemble de ce site [&hellip;]<\/p>\n","protected":false},"author":8,"featured_media":0,"parent":0,"menu_order":0,"comment_status":"closed","ping_status":"closed","template":"page-mentionslegales~.php","meta":{"_acf_changed":false,"footnotes":""},"class_list":["post-961","page","type-page","status-publish","hentry"],"acf":[],"_links":{"self":[{"href":"https:\/\/stilz.fr\/en\/wp-json\/wp\/v2\/pages\/961","targetHints":{"allow":["GET"]}}],"collection":[{"href":"https:\/\/stilz.fr\/en\/wp-json\/wp\/v2\/pages"}],"about":[{"href":"https:\/\/stilz.fr\/en\/wp-json\/wp\/v2\/types\/page"}],"author":[{"embeddable":true,"href":"https:\/\/stilz.fr\/en\/wp-json\/wp\/v2\/users\/8"}],"replies":[{"embeddable":true,"href":"https:\/\/stilz.fr\/en\/wp-json\/wp\/v2\/comments?post=961"}],"version-history":[{"count":4,"href":"https:\/\/stilz.fr\/en\/wp-json\/wp\/v2\/pages\/961\/revisions"}],"predecessor-version":[{"id":1215,"href":"https:\/\/stilz.fr\/en\/wp-json\/wp\/v2\/pages\/961\/revisions\/1215"}],"wp:attachment":[{"href":"https:\/\/stilz.fr\/en\/wp-json\/wp\/v2\/media?parent=961"}],"curies":[{"name":"wp","href":"https:\/\/api.w.org\/{rel}","templated":true}]}}