{"id":313,"date":"2019-08-26T17:10:41","date_gmt":"2019-08-26T15:10:41","guid":{"rendered":"http:\/\/192.168.25.75:8885\/product\/puroform-arc-519-2\/"},"modified":"2019-08-26T17:10:41","modified_gmt":"2019-08-26T15:10:41","slug":"puroform-arc-519-2","status":"publish","type":"product","link":"https:\/\/stilz.fr\/en\/produit\/puroform-arc-519-2\/","title":{"rendered":"Puroform ARC 519"},"content":{"rendered":"<h2>Informations Produit<\/h2>\n<p>Peinture fond de moule pour mousse polyur\u00e9thane rigide ou semi-rigide. Homog\u00e9n\u00e9ise la finition des mousses polyur\u00e9thanes inject\u00e9es en fermant les pores. Teintes disponibles en coloris standard mais \u00e9galement en d\u00e9veloppement \u00e0 fa\u00e7on. Application au pistolet.<\/p>\n<h2>Composants<\/h2>\n<p>R\u00e9sine polyur\u00e9thane bi-composant en phase solvant<\/p>\n<h2>Sp\u00e9cifications<\/h2>\n<p>N\/A<\/p>\n","protected":false},"excerpt":{"rendered":"<p>Peinture fond de moule bi-composants pour mousse polyur\u00e9thane<\/p>\n","protected":false},"featured_media":0,"template":"","meta":{"_acf_changed":false},"product_brand":[],"product_cat":[123],"product_tag":[],"class_list":{"0":"post-313","1":"product","2":"type-product","3":"status-publish","5":"product_cat-non-classe-en","7":"first","8":"instock","9":"shipping-taxable","10":"product-type-simple"},"acf":[],"_links":{"self":[{"href":"https:\/\/stilz.fr\/en\/wp-json\/wp\/v2\/product\/313","targetHints":{"allow":["GET"]}}],"collection":[{"href":"https:\/\/stilz.fr\/en\/wp-json\/wp\/v2\/product"}],"about":[{"href":"https:\/\/stilz.fr\/en\/wp-json\/wp\/v2\/types\/product"}],"wp:attachment":[{"href":"https:\/\/stilz.fr\/en\/wp-json\/wp\/v2\/media?parent=313"}],"wp:term":[{"taxonomy":"product_brand","embeddable":true,"href":"https:\/\/stilz.fr\/en\/wp-json\/wp\/v2\/product_brand?post=313"},{"taxonomy":"product_cat","embeddable":true,"href":"https:\/\/stilz.fr\/en\/wp-json\/wp\/v2\/product_cat?post=313"},{"taxonomy":"product_tag","embeddable":true,"href":"https:\/\/stilz.fr\/en\/wp-json\/wp\/v2\/product_tag?post=313"}],"curies":[{"name":"wp","href":"https:\/\/api.w.org\/{rel}","templated":true}]}}