{"id":314,"date":"2019-08-26T17:13:30","date_gmt":"2019-08-26T15:13:30","guid":{"rendered":"http:\/\/192.168.25.75:8885\/product\/puroplast-he485-2\/"},"modified":"2019-08-26T17:13:30","modified_gmt":"2019-08-26T15:13:30","slug":"puroplast-he485-2","status":"publish","type":"product","link":"https:\/\/stilz.fr\/en\/produit\/puroplast-he485-2\/","title":{"rendered":"Puroplast HE485"},"content":{"rendered":"<h2>Informations Produit<\/h2>\n<p>Peinture de r\u00e9paration permettant le masquage des taches, zones d\u2019ombres, zone de d\u00e9coloration et autres d\u00e9faut des mousses polyur\u00e9thanes. Disponible en coloris standard mais \u00e9galement en d\u00e9veloppement \u00e0 fa\u00e7on. Application au pistolet en fine \u00e9paisseur afin d\u2019\u00e9galiser la teinte.<\/p>\n<h2>Composants<\/h2>\n<p>Peinture polyur\u00e9thane monocomposant en phase solvant<\/p>\n<h2>Sp\u00e9cifications<\/h2>\n<p>N\/A<\/p>\n","protected":false},"excerpt":{"rendered":"<p>Peinture de r\u00e9paration pour mousse polyur\u00e9thane<\/p>\n","protected":false},"featured_media":0,"template":"","meta":{"_acf_changed":false},"product_brand":[],"product_cat":[123],"product_tag":[],"class_list":{"0":"post-314","1":"product","2":"type-product","3":"status-publish","5":"product_cat-non-classe-en","7":"first","8":"instock","9":"shipping-taxable","10":"product-type-simple"},"acf":[],"_links":{"self":[{"href":"https:\/\/stilz.fr\/en\/wp-json\/wp\/v2\/product\/314","targetHints":{"allow":["GET"]}}],"collection":[{"href":"https:\/\/stilz.fr\/en\/wp-json\/wp\/v2\/product"}],"about":[{"href":"https:\/\/stilz.fr\/en\/wp-json\/wp\/v2\/types\/product"}],"wp:attachment":[{"href":"https:\/\/stilz.fr\/en\/wp-json\/wp\/v2\/media?parent=314"}],"wp:term":[{"taxonomy":"product_brand","embeddable":true,"href":"https:\/\/stilz.fr\/en\/wp-json\/wp\/v2\/product_brand?post=314"},{"taxonomy":"product_cat","embeddable":true,"href":"https:\/\/stilz.fr\/en\/wp-json\/wp\/v2\/product_cat?post=314"},{"taxonomy":"product_tag","embeddable":true,"href":"https:\/\/stilz.fr\/en\/wp-json\/wp\/v2\/product_tag?post=314"}],"curies":[{"name":"wp","href":"https:\/\/api.w.org\/{rel}","templated":true}]}}