{"id":318,"date":"2019-11-04T17:23:21","date_gmt":"2019-11-04T16:23:21","guid":{"rendered":"http:\/\/192.168.25.75:8885\/product\/teinture-dimpregnation\/"},"modified":"2020-12-22T17:30:57","modified_gmt":"2020-12-22T16:30:57","slug":"teinture-dimpregnation","status":"publish","type":"product","link":"https:\/\/stilz.fr\/en\/produit\/teinture-dimpregnation\/","title":{"rendered":"Teinture d\u2019impr\u00e9gnation"},"content":{"rendered":"<h2>Informations Produit<\/h2>\n<p>Teinture en phase solvant utilis\u00e9e pour la coloration ou la recoloration en profondeur des cuirs pleine fleur, cuirs v\u00e9g\u00e9taux et produits en bois. Disponibles en coloris standards. Application au pistolet ou au pinceau<br \/>\nApr\u00e8s s\u00e9chage, une fixation avec COMBIFINISH 376 est recommand\u00e9e. Le produit fini peut \u00eatre cir\u00e9 (Colorex A Fluide)<\/p>\n<h2>Composants<\/h2>\n<p>Colorant en phase solvant<\/p>\n<h2>Sp\u00e9cifications<\/h2>\n<p>N\/A<\/p>\n","protected":false},"excerpt":{"rendered":"<p>Colorant liquide pour tout type de cuir non trait\u00e9 en surface<\/p>\n","protected":false},"featured_media":0,"template":"","meta":{"_acf_changed":false},"product_brand":[],"product_cat":[123],"product_tag":[],"class_list":{"0":"post-318","1":"product","2":"type-product","3":"status-publish","5":"product_cat-non-classe-en","7":"first","8":"instock","9":"shipping-taxable","10":"product-type-simple"},"acf":[],"_links":{"self":[{"href":"https:\/\/stilz.fr\/en\/wp-json\/wp\/v2\/product\/318","targetHints":{"allow":["GET"]}}],"collection":[{"href":"https:\/\/stilz.fr\/en\/wp-json\/wp\/v2\/product"}],"about":[{"href":"https:\/\/stilz.fr\/en\/wp-json\/wp\/v2\/types\/product"}],"wp:attachment":[{"href":"https:\/\/stilz.fr\/en\/wp-json\/wp\/v2\/media?parent=318"}],"wp:term":[{"taxonomy":"product_brand","embeddable":true,"href":"https:\/\/stilz.fr\/en\/wp-json\/wp\/v2\/product_brand?post=318"},{"taxonomy":"product_cat","embeddable":true,"href":"https:\/\/stilz.fr\/en\/wp-json\/wp\/v2\/product_cat?post=318"},{"taxonomy":"product_tag","embeddable":true,"href":"https:\/\/stilz.fr\/en\/wp-json\/wp\/v2\/product_tag?post=318"}],"curies":[{"name":"wp","href":"https:\/\/api.w.org\/{rel}","templated":true}]}}