{"id":327,"date":"2019-08-26T17:14:27","date_gmt":"2019-08-26T15:14:27","guid":{"rendered":"http:\/\/192.168.25.75:8885\/product\/pate-polyol-2\/"},"modified":"2019-08-26T17:14:27","modified_gmt":"2019-08-26T15:14:27","slug":"pate-polyol-2","status":"publish","type":"product","link":"https:\/\/stilz.fr\/en\/produit\/pate-polyol-2\/","title":{"rendered":"Pate polyol pigment\u00e9e"},"content":{"rendered":"<h2>Informations Produit<\/h2>\n<p>Pate pigmentaire pour coloration de mousses polyur\u00e9thane dans la masse. Teneur recommand\u00e9e : 5 % \u00e0 ajouter au m\u00e9lange polyol \/ isocyanate.<\/p>\n<h2>Composants<\/h2>\n<p>Polyol pigment\u00e9<\/p>\n<h2>Sp\u00e9cifications<\/h2>\n<p>N\/A<\/p>\n","protected":false},"excerpt":{"rendered":"<p>Pate pigmentaire pour coloration dans la masse des mousses polyur\u00e9thane<\/p>\n","protected":false},"featured_media":0,"template":"","meta":{"_acf_changed":false},"product_brand":[],"product_cat":[123],"product_tag":[],"class_list":{"0":"post-327","1":"product","2":"type-product","3":"status-publish","5":"product_cat-non-classe-en","7":"first","8":"instock","9":"shipping-taxable","10":"product-type-simple"},"acf":[],"_links":{"self":[{"href":"https:\/\/stilz.fr\/en\/wp-json\/wp\/v2\/product\/327","targetHints":{"allow":["GET"]}}],"collection":[{"href":"https:\/\/stilz.fr\/en\/wp-json\/wp\/v2\/product"}],"about":[{"href":"https:\/\/stilz.fr\/en\/wp-json\/wp\/v2\/types\/product"}],"wp:attachment":[{"href":"https:\/\/stilz.fr\/en\/wp-json\/wp\/v2\/media?parent=327"}],"wp:term":[{"taxonomy":"product_brand","embeddable":true,"href":"https:\/\/stilz.fr\/en\/wp-json\/wp\/v2\/product_brand?post=327"},{"taxonomy":"product_cat","embeddable":true,"href":"https:\/\/stilz.fr\/en\/wp-json\/wp\/v2\/product_cat?post=327"},{"taxonomy":"product_tag","embeddable":true,"href":"https:\/\/stilz.fr\/en\/wp-json\/wp\/v2\/product_tag?post=327"}],"curies":[{"name":"wp","href":"https:\/\/api.w.org\/{rel}","templated":true}]}}